{"id":887,"date":"2024-07-25T14:28:06","date_gmt":"2024-07-25T12:28:06","guid":{"rendered":"https:\/\/centreterra.cat\/home\/"},"modified":"2025-05-05T20:48:29","modified_gmt":"2025-05-05T18:48:29","slug":"home","status":"publish","type":"page","link":"https:\/\/centreterra.cat\/es\/","title":{"rendered":"Home"},"content":{"rendered":"<div class=\"gb-container gb-container-29f7760a gbp-section\">\n<div class=\"gb-container gb-container-e7bd3569\">\n<div class=\"gb-container gb-container-09dd4ccd\">\n\n<h1 class=\"gb-headline gb-headline-996c0162 gb-headline-text gbp-section__headline\"><strong><strong>Centro de Bienestar Personal en Cardedeu<\/strong><\/strong><\/h1>\n\n\n\n<div class=\"gb-headline gb-headline-59722fcb gb-headline-text gbp-section__text\">En Terra, te ofrecemos terapias naturales y un ambiente acogedor para cuidar de tu cuerpo y mente. Un rinc\u00f3n de paz<\/div>\n\n\n<div class=\"gb-container gb-container-e1ccd00a\">\n\n<a class=\"gb-button gb-button-39f4ca56 gb-button-text gbp-button--primary\" href=\"https:\/\/centreterra.cat\/es\/contacto\">Pedir cita<\/a>\n\n\n\n<a class=\"gb-button gb-button-69817bc2 gb-button-text gbp-button--secondary smooth-scroll\" href=\"#serveis\">Nuestros Servicios<\/a>\n\n<\/div>\n<\/div>\n<\/div>\n\n<div class=\"gb-container gb-container-c85437d6 hero-image-fit\">\n\n<figure class=\"gb-block-image gb-block-image-def22809\"><img loading=\"lazy\" decoding=\"async\" width=\"800\" height=\"802\" class=\"gb-image gb-image-def22809\" src=\"https:\/\/centreterra.cat\/wp-content\/uploads\/2025\/01\/pexels-ian-panelo-3230236-800-1.jpg\" alt=\"\" title=\"pexels-ian-panelo-3230236-800\" srcset=\"https:\/\/centreterra.cat\/wp-content\/uploads\/2025\/01\/pexels-ian-panelo-3230236-800-1.jpg 800w, https:\/\/centreterra.cat\/wp-content\/uploads\/2025\/01\/pexels-ian-panelo-3230236-800-1-300x300.jpg 300w, https:\/\/centreterra.cat\/wp-content\/uploads\/2025\/01\/pexels-ian-panelo-3230236-800-1-150x150.jpg 150w, https:\/\/centreterra.cat\/wp-content\/uploads\/2025\/01\/pexels-ian-panelo-3230236-800-1-768x770.jpg 768w\" sizes=\"auto, (max-width: 800px) 100vw, 800px\" \/><\/figure>\n\n<\/div>\n<\/div>\n\n<div class=\"gb-container gb-container-ac7f30a6 scroll-animation gbp-section\">\n<div class=\"gb-container gb-container-d50e18a4 gbp-section__inner\">\n<div class=\"gb-container gb-container-a411cb3b\">\n\n<h2 class=\"gb-headline gb-headline-5c83705b gb-headline-text gbp-section__headline\">Tratamientos de Bienestar y Relajaci\u00f3n para tu Renovaci\u00f3n Total<\/h2>\n\n\n\n<div class=\"gb-headline gb-headline-d329375b gb-headline-text gbp-section__text\">Descubre la serenidad y la renovaci\u00f3n Terra Centre de Bienestar Personal ofrece experiencias de bienestar personalizadas, para que puedas relajarte, revitalizarte y mejorar tu bienestar.<\/div>\n\n<\/div>\n\n<div class=\"gb-container gb-container-0920aac6\">\n\n<figure class=\"gb-block-image gb-block-image-35fcfe33\"><img loading=\"lazy\" decoding=\"async\" width=\"853\" height=\"1280\" class=\"gb-image gb-image-35fcfe33\" src=\"https:\/\/centreterra.cat\/wp-content\/uploads\/2024\/08\/spa-8227623_1280.jpeg\" alt=\"\" title=\"spa-8227623_1280\" srcset=\"https:\/\/centreterra.cat\/wp-content\/uploads\/2024\/08\/spa-8227623_1280.jpeg 853w, https:\/\/centreterra.cat\/wp-content\/uploads\/2024\/08\/spa-8227623_1280-200x300.jpeg 200w, https:\/\/centreterra.cat\/wp-content\/uploads\/2024\/08\/spa-8227623_1280-682x1024.jpeg 682w, https:\/\/centreterra.cat\/wp-content\/uploads\/2024\/08\/spa-8227623_1280-768x1152.jpeg 768w\" sizes=\"auto, (max-width: 853px) 100vw, 853px\" \/><\/figure>\n\n\n\n<figure class=\"gb-block-image gb-block-image-e60b521e\"><img loading=\"lazy\" decoding=\"async\" width=\"982\" height=\"1280\" class=\"gb-image gb-image-e60b521e\" src=\"https:\/\/centreterra.cat\/wp-content\/uploads\/2024\/08\/woman-3688233_1280.jpeg\" alt=\"\" title=\"woman-3688233_1280\" srcset=\"https:\/\/centreterra.cat\/wp-content\/uploads\/2024\/08\/woman-3688233_1280.jpeg 982w, https:\/\/centreterra.cat\/wp-content\/uploads\/2024\/08\/woman-3688233_1280-230x300.jpeg 230w, https:\/\/centreterra.cat\/wp-content\/uploads\/2024\/08\/woman-3688233_1280-786x1024.jpeg 786w, https:\/\/centreterra.cat\/wp-content\/uploads\/2024\/08\/woman-3688233_1280-768x1001.jpeg 768w\" sizes=\"auto, (max-width: 982px) 100vw, 982px\" \/><\/figure>\n\n<\/div>\n<\/div>\n<\/div>\n\n<div class=\"gb-container gb-container-15affb48 scroll-animation gbp-section\" id=\"serveis\">\n<div class=\"gb-container gb-container-170778c1 gbp-section__inner\">\n<div class=\"gb-container gb-container-27924925\">\n\n<h2 class=\"gb-headline gb-headline-13fd0c59 gb-headline-text\">Nuestros Servicios<\/h2>\n\n\n\n<p>Con un profundo compromiso con el bienestar hol\u00edstico y un enfoque personalizado, nuestro centro se ha convertido en un santuario para aquellos que buscan revitalizar su cuerpo, mente y esp\u00edritu.<\/p>\n\n<\/div>\n\n<div class=\"gb-grid-wrapper gb-grid-wrapper-c309343c\">\n<div class=\"gb-grid-column gb-grid-column-97375ab2\"><div class=\"gb-container gb-container-97375ab2\">\n\n<a class=\"gb-button gb-button-18b4d12d gb-button-text\" href=\"https:\/\/centreterra.cat\/serveis\/#quiromassatge\">Quiromasaje<\/a>\n\n<\/div><\/div>\n\n<div class=\"gb-grid-column gb-grid-column-69648851\"><div class=\"gb-container gb-container-69648851\">\n\n<a class=\"gb-button gb-button-1030d94a gb-button-text\" href=\"https:\/\/centreterra.cat\/es\/servicios\/#reflexologia\">Reflexolog\u00eda<\/a>\n\n<\/div><\/div>\n\n<div class=\"gb-grid-column gb-grid-column-7f6f6f24\"><div class=\"gb-container gb-container-7f6f6f24\">\n\n<a class=\"gb-button gb-button-91c30fac gb-button-text\" href=\"https:\/\/centreterra.cat\/es\/servicios\/#reiki\">Reiki<\/a>\n\n<\/div><\/div>\n\n<div class=\"gb-grid-column gb-grid-column-79bca5b9\"><div class=\"gb-container gb-container-79bca5b9\">\n\n<a class=\"gb-button gb-button-e4dc73ad gb-button-text\" href=\"https:\/\/centreterra.cat\/es\/servicios\/#massatge-facial-japones\">Masaje Facial Japon\u00e9s<\/a>\n\n<\/div><\/div>\n\n<div class=\"gb-grid-column gb-grid-column-8553e840\"><div class=\"gb-container gb-container-8553e840\">\n\n<a class=\"gb-button gb-button-ae3545bb gb-button-text\" href=\"https:\/\/centreterra.cat\/es\/servicios\/#osteopatia\">Osteopat\u00eda<\/a>\n\n<\/div><\/div>\n\n<div class=\"gb-grid-column gb-grid-column-24c1ab29\"><div class=\"gb-container gb-container-24c1ab29\">\n\n<a class=\"gb-button gb-button-9e3872ae gb-button-text\" href=\"https:\/\/centreterra.cat\/se\/servicios\/#meditaciones\">Meditaciones Guiadas<\/a>\n\n<\/div><\/div>\n<\/div>\n\n<div class=\"gb-container gb-container-e84826b6\">\n\n<p>Nuestros profesionales experimentados est\u00e1n aqu\u00ed para llevarte a un profundo bienestar con tratamientos dise\u00f1ados especialmente para ti.<\/p>\n\n\n<div class=\"gb-container gb-container-2965e566\">\n\n<a class=\"gb-button gb-button-c7663caf gb-button-text gbp-button--secondary\" href=\"https:\/\/centreterra.cat\/es\/servicios\/\"><strong>CONOCE NUESTROS SERVICIOS<\/strong><\/a>\n\n<\/div>\n<\/div>\n<\/div>\n<\/div>\n\n<div class=\"gb-container gb-container-49b5a38e scroll-animation gbp-section\">\n<div class=\"gb-container gb-container-e4a26c72 gbp-section__inner\">\n<div class=\"gb-container gb-container-3f8e8d67\">\n\n<h2 class=\"gb-headline gb-headline-69e1fd89 gb-headline-text gbp-section__headline\">Escapa del estr\u00e9s y encuentra la calma con nuestros tratamientos.l<\/h2>\n\n<\/div>\n\n\n<figure class=\"gb-block-image gb-block-image-a72a92c7\"><img loading=\"lazy\" decoding=\"async\" width=\"2560\" height=\"1709\" class=\"gb-image gb-image-a72a92c7\" src=\"https:\/\/centreterra.cat\/wp-content\/uploads\/2025\/01\/pexels-arina-krasnikova-6663361-scaled.jpg\" alt=\"\" title=\"pexels-arina-krasnikova-6663361\" srcset=\"https:\/\/centreterra.cat\/wp-content\/uploads\/2025\/01\/pexels-arina-krasnikova-6663361-scaled.jpg 2560w, https:\/\/centreterra.cat\/wp-content\/uploads\/2025\/01\/pexels-arina-krasnikova-6663361-300x200.jpg 300w, https:\/\/centreterra.cat\/wp-content\/uploads\/2025\/01\/pexels-arina-krasnikova-6663361-1024x683.jpg 1024w, https:\/\/centreterra.cat\/wp-content\/uploads\/2025\/01\/pexels-arina-krasnikova-6663361-768x513.jpg 768w, https:\/\/centreterra.cat\/wp-content\/uploads\/2025\/01\/pexels-arina-krasnikova-6663361-1536x1025.jpg 1536w, https:\/\/centreterra.cat\/wp-content\/uploads\/2025\/01\/pexels-arina-krasnikova-6663361-2048x1367.jpg 2048w\" sizes=\"auto, (max-width: 2560px) 100vw, 2560px\" \/><\/figure>\n\n<\/div>\n<\/div>\n\n<div class=\"gb-container gb-container-8832b605 scroll-animation gbp-section\">\n<div class=\"gb-container gb-container-dafeb72e gbp-section__inner\">\n<div class=\"gb-container gb-container-1000794f\">\n\n<div class=\"gb-headline gb-headline-04427cf4 gb-headline-text\"><strong><em>\u00abUn lugar donde realmente te cuidan\u00bb<\/em><\/strong><\/div>\n\n\n\n<div class=\"gb-headline gb-headline-7306634a gb-headline-text gbp-section__text\"><em>\u00abDesde el primer momento que entr\u00e9 en Centre Terra, sent\u00ed una sensaci\u00f3n de paz y bienestar. Sufr\u00eda de estr\u00e9s y tensiones musculares constantes, pero despu\u00e9s de una sesi\u00f3n de quiromasaje, me sent\u00ed renovada. Las manos expertas del equipo y el ambiente relajante hacen que cada visita sea una experiencia \u00fanica. Ahora, es mi refugio para desconectar y cuidarme\u00bb.<\/em><\/div>\n\n\n<div class=\"gb-container gb-container-657480d0\">\n\n<figure class=\"gb-block-image gb-block-image-33913874\"><img loading=\"lazy\" decoding=\"async\" width=\"150\" height=\"150\" class=\"gb-image gb-image-33913874\" src=\"https:\/\/gpsites.co\/harmony\/wp-content\/uploads\/sites\/145\/2024\/07\/testimonial-avatar-150x150.jpeg\" alt=\"\" title=\"testimonial-avatar\" srcset=\"https:\/\/centreterra.cat\/wp-content\/uploads\/2024\/07\/testimonial-avatar-150x150.jpeg 150w, https:\/\/centreterra.cat\/wp-content\/uploads\/2024\/07\/testimonial-avatar-300x300.jpeg 300w, https:\/\/centreterra.cat\/wp-content\/uploads\/2024\/07\/testimonial-avatar-768x768.jpeg 768w, https:\/\/centreterra.cat\/wp-content\/uploads\/2024\/07\/testimonial-avatar.jpeg 1024w\" sizes=\"auto, (max-width: 150px) 100vw, 150px\" \/><\/figure>\n\n\n<div class=\"gb-container gb-container-b05804b8\">\n\n<div class=\"gb-headline gb-headline-114fe328 gb-headline-text\">Marta Soler<\/div>\n\n<\/div>\n<\/div>\n<\/div>\n<\/div>\n<\/div>","protected":false},"excerpt":{"rendered":"<p>Centro de Bienestar Personal en Cardedeu En Terra, te ofrecemos terapias naturales y un ambiente acogedor para cuidar de tu cuerpo y mente. Un rinc\u00f3n de paz Tratamientos de Bienestar y Relajaci\u00f3n para tu Renovaci\u00f3n Total Descubre la serenidad y la renovaci\u00f3n Terra Centre de Bienestar Personal ofrece experiencias de bienestar personalizadas, para que puedas &#8230; <a title=\"Home\" class=\"read-more\" href=\"https:\/\/centreterra.cat\/es\/\" aria-label=\"Leer m\u00e1s sobre Home\">Leer m\u00e1s<\/a><\/p>\n","protected":false},"author":1,"featured_media":0,"parent":0,"menu_order":0,"comment_status":"closed","ping_status":"closed","template":"","meta":{"footnotes":""},"class_list":["post-887","page","type-page","status-publish"],"_links":{"self":[{"href":"https:\/\/centreterra.cat\/es\/wp-json\/wp\/v2\/pages\/887","targetHints":{"allow":["GET"]}}],"collection":[{"href":"https:\/\/centreterra.cat\/es\/wp-json\/wp\/v2\/pages"}],"about":[{"href":"https:\/\/centreterra.cat\/es\/wp-json\/wp\/v2\/types\/page"}],"author":[{"embeddable":true,"href":"https:\/\/centreterra.cat\/es\/wp-json\/wp\/v2\/users\/1"}],"replies":[{"embeddable":true,"href":"https:\/\/centreterra.cat\/es\/wp-json\/wp\/v2\/comments?post=887"}],"version-history":[{"count":1,"href":"https:\/\/centreterra.cat\/es\/wp-json\/wp\/v2\/pages\/887\/revisions"}],"predecessor-version":[{"id":917,"href":"https:\/\/centreterra.cat\/es\/wp-json\/wp\/v2\/pages\/887\/revisions\/917"}],"wp:attachment":[{"href":"https:\/\/centreterra.cat\/es\/wp-json\/wp\/v2\/media?parent=887"}],"curies":[{"name":"wp","href":"https:\/\/api.w.org\/{rel}","templated":true}]}}