{"id":893,"date":"2024-07-25T21:00:25","date_gmt":"2024-07-25T19:00:25","guid":{"rendered":"https:\/\/centreterra.cat\/servicios\/"},"modified":"2024-07-25T21:00:25","modified_gmt":"2024-07-25T19:00:25","slug":"servicios","status":"publish","type":"page","link":"https:\/\/centreterra.cat\/es\/servicios\/","title":{"rendered":"Servicios"},"content":{"rendered":"<div class=\"gb-container gb-container-fdda9744 gbp-section\">\n<div class=\"gb-container gb-container-0ff07935\">\n<div class=\"gb-container gb-container-db2f2230\">\n\n<h1 class=\"gb-headline gb-headline-1eda1ff3 gb-headline-text gbp-section__headline\">Bienestar Transformador para Ti<\/h1>\n\n\n\n<div class=\"gb-headline gb-headline-e41892e6 gb-headline-text gbp-section__text\">Cada experiencia est\u00e1 dise\u00f1ada para favorecer la relajaci\u00f3n, recuperaci\u00f3n y armon\u00eda de tu interior.<\/div>\n\n\n<div class=\"gb-container gb-container-95834c42\">\n\n<a class=\"gb-button gb-button-fee28d2f gb-button-text gbp-button--primary\" href=\"https:\/\/centreterra.cat\/es\/contacto\">SOLICITAR CITA<\/a>\n\n<\/div>\n<\/div>\n<\/div>\n\n<div class=\"gb-container gb-container-1a32d35e hero-image-fit\">\n\n<figure class=\"gb-block-image gb-block-image-cfde90a6\"><img loading=\"lazy\" decoding=\"async\" width=\"1280\" height=\"960\" class=\"gb-image gb-image-cfde90a6\" src=\"https:\/\/centreterra.cat\/wp-content\/uploads\/2024\/08\/ai-generated-8930733_1280.jpeg\" alt=\"\" title=\"ai-generated-8930733_1280\" srcset=\"https:\/\/centreterra.cat\/wp-content\/uploads\/2024\/08\/ai-generated-8930733_1280.jpeg 1280w, https:\/\/centreterra.cat\/wp-content\/uploads\/2024\/08\/ai-generated-8930733_1280-300x225.jpeg 300w, https:\/\/centreterra.cat\/wp-content\/uploads\/2024\/08\/ai-generated-8930733_1280-1024x768.jpeg 1024w, https:\/\/centreterra.cat\/wp-content\/uploads\/2024\/08\/ai-generated-8930733_1280-768x576.jpeg 768w\" sizes=\"auto, (max-width: 1280px) 100vw, 1280px\" \/><\/figure>\n\n<\/div>\n<\/div>\n\n<div class=\"gb-container gb-container-ac7f30a6 scroll-animation gbp-section\">\n<div class=\"gb-container gb-container-d50e18a4 gbp-section__inner\">\n<div class=\"gb-container gb-container-a411cb3b\">\n\n<h2 class=\"gb-headline gb-headline-5c83705b gb-headline-text gbp-section__headline\">Tu Bienestar, Nuestra Prioridad<\/h2>\n\n\n\n<div class=\"gb-headline gb-headline-d329375b gb-headline-text gbp-section__text\">En Terra, Centro de Bienestar Personal, ofrecemos un espacio dedicado al cuidado y equilibrio del cuerpo y la mente. Nuestros servicios de masajes y terapias hol\u00edsticas est\u00e1n dise\u00f1ados para aliviar tensiones, reducir el estr\u00e9s y potenciar su bienestar. Ya sea a trav\u00e9s del quiromasaje, la reflexolog\u00eda, el Reiki, el Masaje facial japon\u00e9s o la Osteopat\u00eda, cada sesi\u00f3n est\u00e1 pensada para adaptarse a tus necesidades y acompa\u00f1arte en tu camino hacia la serenidad y la vitalidad.  <\/div>\n\n<\/div>\n\n<div class=\"gb-container gb-container-0920aac6\">\n<div class=\"gb-grid-wrapper gb-grid-wrapper-b577aa02\">\n<div class=\"gb-grid-column gb-grid-column-602165ea\"><div class=\"gb-container gb-container-602165ea\">\n\n<figure class=\"gb-block-image gb-block-image-35fcfe33\"><img loading=\"lazy\" decoding=\"async\" width=\"960\" height=\"1280\" class=\"gb-image gb-image-35fcfe33\" src=\"https:\/\/centreterra.cat\/wp-content\/uploads\/2024\/08\/massage-7452918_1280.jpeg\" alt=\"\" title=\"massage-7452918_1280\" srcset=\"https:\/\/centreterra.cat\/wp-content\/uploads\/2024\/08\/massage-7452918_1280.jpeg 960w, https:\/\/centreterra.cat\/wp-content\/uploads\/2024\/08\/massage-7452918_1280-225x300.jpeg 225w, https:\/\/centreterra.cat\/wp-content\/uploads\/2024\/08\/massage-7452918_1280-768x1024.jpeg 768w\" sizes=\"auto, (max-width: 960px) 100vw, 960px\" \/><\/figure>\n\n<\/div><\/div>\n\n<div class=\"gb-grid-column gb-grid-column-247f4dda\"><div class=\"gb-container gb-container-247f4dda\">\n\n<figure class=\"gb-block-image gb-block-image-e60b521e\"><img loading=\"lazy\" decoding=\"async\" width=\"600\" height=\"401\" class=\"gb-image gb-image-e60b521e\" src=\"https:\/\/centreterra.cat\/wp-content\/uploads\/2025\/01\/reiki-pexels-arina-krasnikova-6663359-600px.webp\" alt=\"\" title=\"reiki-pexels-arina-krasnikova-6663359-600px\" srcset=\"https:\/\/centreterra.cat\/wp-content\/uploads\/2025\/01\/reiki-pexels-arina-krasnikova-6663359-600px.webp 600w, https:\/\/centreterra.cat\/wp-content\/uploads\/2025\/01\/reiki-pexels-arina-krasnikova-6663359-600px-300x201.webp 300w\" sizes=\"auto, (max-width: 600px) 100vw, 600px\" \/><\/figure>\n\n<\/div><\/div>\n\n<div class=\"gb-grid-column gb-grid-column-f57b9a3c\"><div class=\"gb-container gb-container-f57b9a3c\">\n\n<figure class=\"gb-block-image gb-block-image-b50833e5\"><img loading=\"lazy\" decoding=\"async\" width=\"2560\" height=\"1602\" class=\"gb-image gb-image-b50833e5\" src=\"https:\/\/centreterra.cat\/wp-content\/uploads\/2024\/11\/pexels-nietjuh-612797-scaled.jpg\" alt=\"\" title=\"pexels-nietjuh-612797\" srcset=\"https:\/\/centreterra.cat\/wp-content\/uploads\/2024\/11\/pexels-nietjuh-612797-scaled.jpg 2560w, https:\/\/centreterra.cat\/wp-content\/uploads\/2024\/11\/pexels-nietjuh-612797-300x188.jpg 300w, https:\/\/centreterra.cat\/wp-content\/uploads\/2024\/11\/pexels-nietjuh-612797-1024x641.jpg 1024w, https:\/\/centreterra.cat\/wp-content\/uploads\/2024\/11\/pexels-nietjuh-612797-768x481.jpg 768w, https:\/\/centreterra.cat\/wp-content\/uploads\/2024\/11\/pexels-nietjuh-612797-1536x961.jpg 1536w, https:\/\/centreterra.cat\/wp-content\/uploads\/2024\/11\/pexels-nietjuh-612797-2048x1281.jpg 2048w\" sizes=\"auto, (max-width: 2560px) 100vw, 2560px\" \/><\/figure>\n\n<\/div><\/div>\n<\/div>\n<\/div>\n<\/div>\n<\/div>\n\n<div class=\"gb-container gb-container-f731fd6f gbp-section\">\n<div class=\"gb-container gb-container-50b7f484 scroll-animation gbp-section__inner\">\n<div class=\"gb-container gb-container-5c448897 gbp-section__inner\">\n\n<h2 class=\"gb-headline gb-headline-31ceee6e gb-headline-text gbp-section__headline\">Nuestros Servicios<\/h2>\n\n<\/div>\n<\/div>\n\n<div class=\"gb-container gb-container-edc3923b gbp-section__inner\" id=\"quiromassatge\">\n<div class=\"gb-grid-wrapper gb-grid-wrapper-cc9f1998\">\n<div class=\"gb-grid-column gb-grid-column-697f9aba\"><div class=\"gb-container gb-container-697f9aba scroll-animation\">\n\n<h2 class=\"gb-headline gb-headline-de93a478 gb-headline-text\">Quiromasaje<\/h2>\n\n<\/div><\/div>\n\n<div class=\"gb-grid-column gb-grid-column-8261f6a1\"><div class=\"gb-container gb-container-8261f6a1 scroll-animation\">\n<div class=\"gb-container gb-container-0f325138\">\n\n<h3 class=\"gb-headline gb-headline-333a8198 gb-headline-text\">Libera tensiones y recupera tu bienestar<\/h3>\n\n\n\n<p class=\"gb-headline gb-headline-d57813db gb-headline-text\">Con el quiromasaje aliviamos contracturas, reducimos el dolor, mejoramos la circulaci\u00f3n y equilibramos el sistema nervioso. T\u00e9cnicas como el masaje relajante y el neurosedante reducen el estr\u00e9s, ayud\u00e1ndote a deshacerte de tensiones f\u00edsicas y mentales para conseguir una relajaci\u00f3n profunda. <br><br><strong>Si necesitas relajarte y sentirte mejor, deja que nuestras manos te ayuden a encontrar el equilibrio.<\/strong><\/p>\n\n<\/div>\n\n<div class=\"gb-container gb-container-edce0793\">\n\n<a class=\"gb-button gb-button-340989d7 gb-button-text\" href=\"https:\/\/centreterra.cat\/es\/contacto\/\">Pedir cita<\/a>\n\n<\/div>\n<\/div><\/div>\n<\/div>\n<\/div>\n\n<div class=\"gb-container gb-container-7e2ad76c gbp-section__inner\" id=\"reflexologia\">\n<div class=\"gb-grid-wrapper gb-grid-wrapper-d940cb0b\">\n<div class=\"gb-grid-column gb-grid-column-11e9f458\"><div class=\"gb-container gb-container-11e9f458 scroll-animation\">\n\n<h2 class=\"gb-headline gb-headline-ef2724c2 gb-headline-text\">Reflexolog\u00eda<\/h2>\n\n<\/div><\/div>\n\n<div class=\"gb-grid-column gb-grid-column-f9aeb072\"><div class=\"gb-container gb-container-f9aeb072 scroll-animation\">\n<div class=\"gb-container gb-container-3f7657b4\">\n\n<h3 class=\"gb-headline gb-headline-ca5a7ecd gb-headline-text\">Bienestar a trav\u00e9s de tus pies<\/h3>\n\n\n\n<p class=\"gb-headline gb-headline-5f468070 gb-headline-text\">Los pies reflejan todo tu cuerpo y con la reflexolog\u00eda podemos estimular puntos clave para equilibrar tu energ\u00eda, aliviar dolores y favorecer la relajaci\u00f3n. Esta t\u00e9cnica suave pero efectiva te ayuda a mejorar su estado f\u00edsico y emocional. <br><br><strong>Reg\u00e1late un momento de cuidado y descubre c\u00f3mo la reflexolog\u00eda puede transformar tu bienestar.<\/strong><\/p>\n\n<\/div>\n\n<div class=\"gb-container gb-container-b61c4840\">\n\n<a class=\"gb-button gb-button-b584f826 gb-button-text\" href=\"https:\/\/centreterra.cat\/es\/contacto\/\">Pedir cita<\/a>\n\n<\/div>\n<\/div><\/div>\n<\/div>\n<\/div>\n\n<div class=\"gb-container gb-container-a3f299e8 gbp-section__inner\" id=\"reiki\">\n<div class=\"gb-grid-wrapper gb-grid-wrapper-3ff598bd\">\n<div class=\"gb-grid-column gb-grid-column-37502fb0\"><div class=\"gb-container gb-container-37502fb0 scroll-animation\">\n\n<h2 class=\"gb-headline gb-headline-3f230141 gb-headline-text\">Reiki<\/h2>\n\n<\/div><\/div>\n\n<div class=\"gb-grid-column gb-grid-column-85c6e79b\"><div class=\"gb-container gb-container-85c6e79b scroll-animation\">\n<div class=\"gb-container gb-container-9a4e3c22\">\n\n<h3 class=\"gb-headline gb-headline-a3ea0b34 gb-headline-text\">Reconecta con tu energ\u00eda vital<\/h3>\n\n\n\n<p class=\"gb-headline gb-headline-5077a7e9 gb-headline-text\">El Reiki es una t\u00e9cnica japonesa de sanaci\u00f3n que busca equilibrar el sistema nervioso y el campo electromagn\u00e9tico, reduciendo el estr\u00e9s y aliviando tensiones emocionales.<br>Si necesitas un momento para desconectar y recuperar tu serenidad, te invito a vivir esta experiencia transformadora.<br><br><strong>Reserva tu sesi\u00f3n y descubre c\u00f3mo el Reiki puede aportarte bienestar y armon\u00eda.<\/strong><\/p>\n\n<\/div>\n\n<div class=\"gb-container gb-container-bc35d95c\">\n\n<a class=\"gb-button gb-button-7583cfdf gb-button-text\" href=\"https:\/\/centreterra.cat\/es\/contacto\/\">Pedir cita<\/a>\n\n<\/div>\n<\/div><\/div>\n<\/div>\n<\/div>\n\n<div class=\"gb-container gb-container-b60665be gbp-section__inner\" id=\"massatge-facial-japones\">\n<div class=\"gb-grid-wrapper gb-grid-wrapper-22e8598f\">\n<div class=\"gb-grid-column gb-grid-column-b5372847\"><div class=\"gb-container gb-container-b5372847 scroll-animation\">\n\n<h2 class=\"gb-headline gb-headline-6c71c8e8 gb-headline-text\">Masaje facial japon\u00e9s<\/h2>\n\n<\/div><\/div>\n\n<div class=\"gb-grid-column gb-grid-column-cf878f28\"><div class=\"gb-container gb-container-cf878f28 scroll-animation\">\n<div class=\"gb-container gb-container-4ad21bbb\">\n\n<h3 class=\"gb-headline gb-headline-1cee4163 gb-headline-text\">Bienestar para Tu Rostro<\/h3>\n\n\n\n<p class=\"gb-headline gb-headline-34157036 gb-headline-text\"><strong>Si\u00e9ntate especial recibiendo un ritual milenario proveniente de Jap\u00f3n, que era exclusivo de emperatriz y samur\u00e1is.<br><br><\/strong>A trav\u00e9s de diferentes olores y movimientos que combinan velocidades y presiones, se consigue que la mente suelte el control y llegues a un estado de calma y relajaci\u00f3n profundas.<br><br><strong>Ven y d\u00e9jate cuidar de una manera \u00fanica.<\/strong><\/p>\n\n<\/div>\n\n<div class=\"gb-container gb-container-d2970a21\">\n\n<a class=\"gb-button gb-button-5a0935ac gb-button-text\" href=\"https:\/\/centreterra.cat\/es\/contacto\/\">Pedir cita<\/a>\n\n<\/div>\n<\/div><\/div>\n<\/div>\n<\/div>\n\n<div class=\"gb-container gb-container-11537bda gbp-section__inner\" id=\"osteopatia\">\n<div class=\"gb-grid-wrapper gb-grid-wrapper-96238a89\">\n<div class=\"gb-grid-column gb-grid-column-94bc0a24\"><div class=\"gb-container gb-container-94bc0a24 scroll-animation\">\n\n<h2 class=\"gb-headline gb-headline-8b14e4d3 gb-headline-text\">Osteopat\u00eda<\/h2>\n\n<\/div><\/div>\n\n<div class=\"gb-grid-column gb-grid-column-2fd45d5c\"><div class=\"gb-container gb-container-2fd45d5c scroll-animation\">\n<div class=\"gb-container gb-container-6b8b7b3a\">\n\n<h3 class=\"gb-headline gb-headline-51fa5a86 gb-headline-text\">Recupera el movimiento y el equilibrio natural de tu cuerpo<\/h3>\n\n\n\n<p class=\"gb-headline gb-headline-f963b542 gb-headline-text\">La osteopat\u00eda es una terapia manual que trata dolores musculares, articulares y tensiones posturales. Mediante t\u00e9cnicas precisas y adaptadas a ti, podemos ayudarte a aliviar molestias y mejorar tu movilidad. <br><br><strong>Si quieres sentir tu cuerpo m\u00e1s libre y funcional, ven y descubre los beneficios de la osteopat\u00eda.<\/strong><\/p>\n\n<\/div>\n\n<div class=\"gb-container gb-container-d3ac9c26\">\n\n<a class=\"gb-button gb-button-d51df79e gb-button-text\" href=\"https:\/\/centreterra.cat\/es\/contacto\/\">Pedir cita<\/a>\n\n<\/div>\n<\/div><\/div>\n<\/div>\n<\/div>\n\n<div class=\"gb-container gb-container-68b7c58e gbp-section__inner\" id=\"meditacions\">\n<div class=\"gb-grid-wrapper gb-grid-wrapper-88bbfa7f\">\n<div class=\"gb-grid-column gb-grid-column-a5bc6062\"><div class=\"gb-container gb-container-a5bc6062 scroll-animation\">\n\n<h2 class=\"gb-headline gb-headline-32d97d81 gb-headline-text\">Meditaciones Guiadas<\/h2>\n\n<\/div><\/div>\n\n<div class=\"gb-grid-column gb-grid-column-4a0badfa\"><div class=\"gb-container gb-container-4a0badfa scroll-animation\">\n<div class=\"gb-container gb-container-cc32650a\">\n\n<h3 class=\"gb-headline gb-headline-bcc77ee2 gb-headline-text\">\u00bfPor qu\u00e9 hacer meditaciones guiadas?<\/h3>\n\n\n\n<p class=\"gb-headline gb-headline-7f4ce8f2 gb-headline-text\">&#8211; \u00bfTe sientes superado\/ada por una situaci\u00f3n?<br>&#8211; \u00bfTus pensamientos te limitan?<br>&#8211; \u00bfNo puedes parar de pensar en el pasado?<br>&#8211; \u00bfEl futuro te preocupa?<br>&#8211; \u00bfNo puedes disfrutar del presente?<br><br>A trav\u00e9s de las sesiones mensuales de relajaci\u00f3n y meditaci\u00f3n guiadas, puedes <strong>conectarte en el momento presente<\/strong> con tu cuerpo, tus emociones, tu mente y pensamientos, con el prop\u00f3sito de dejar de identificarte, <strong>liber\u00e1ndote<\/strong> de las limitaciones creadas. El objetivo es que <strong>despiertes tu conciencia<\/strong> y puedas <strong>experimentar y sentir la paz interna<\/strong>.<br><br>Cada mes, en las sesiones de relajaci\u00f3n y meditaci\u00f3n, tienes la<strong> oportunidad de experimentar y aprender herramientas<\/strong> que te acompa\u00f1en en tu d\u00eda a d\u00eda para <strong>experimentar vivir desde la paz interna<\/strong>, el equilibrio. <strong>Disfrutar el momento presente<\/strong>.<\/p>\n\n<\/div>\n\n<div class=\"gb-container gb-container-f61c0709\">\n\n<a class=\"gb-button gb-button-392b181e gb-button-text\" href=\"https:\/\/centreterra.cat\/es\/contacto\/\">Pedir cita<\/a>\n\n<\/div>\n<\/div><\/div>\n<\/div>\n<\/div>\n<\/div>\n\n<div class=\"gb-container gb-container-6fc44660 scroll-animation gbp-section\">\n<div class=\"gb-container gb-container-48f4d493 gbp-section__inner\">\n<div class=\"gb-container gb-container-5cb576c2\">\n\n<h2 class=\"gb-headline gb-headline-cb988fce gb-headline-text gbp-section__headline\">Descubre el poder del bienestar<\/h2>\n\n\n\n<div class=\"gb-headline gb-headline-aa237e04 gb-headline-text gbp-section__text\">Encuentra tu equilibrio en el mejor centro de masajes de Cardedeu.<\/div>\n\n<\/div>\n<\/div>\n\n<div class=\"gb-container gb-container-02ce39fa gbp-section__inner\">\n<div class=\"gb-container gb-container-1aa89eea\">\n\n<h3 class=\"gb-headline gb-headline-13038dd3 gb-headline-text gbp-section__headline\">Un espacio para desconectar<\/h3>\n\n\n\n<div class=\"gb-headline gb-headline-211dd477 gb-headline-text gbp-section__text\">Deja atr\u00e1s el estr\u00e9s y el ritmo fren\u00e9tico del d\u00eda a d\u00eda. En Terra Centro de Bienestar Personal encontrar\u00e1s un ambiente tranquilo donde el cuerpo y la mente se relajan desde el primer momento.<\/div>\n\n\n\n<h3 class=\"gb-headline gb-headline-caa7701b gb-headline-text gbp-section__headline\">El bienestar que te mereces<\/h3>\n\n\n\n<div class=\"gb-headline gb-headline-ada8a48a gb-headline-text gbp-section__text\">Nuestros masajes te ayudan a liberar tensiones, mejorar la circulaci\u00f3n y recuperar tu vitalidad con un enfoque personalizado.<\/div>\n\n\n\n<h3 class=\"gb-headline gb-headline-5ef41577 gb-headline-text gbp-section__headline\">Curaci\u00f3n para cuerpo y alma.<\/h3>\n\n\n\n<div class=\"gb-headline gb-headline-94881543 gb-headline-text gbp-section__text\">Cada sesi\u00f3n es un momento para escuchar a tu cuerpo y darle lo que necesita. A trav\u00e9s de t\u00e9cnicas manuales y terapias naturales, te acompa\u00f1amos en tu camino hacia el equilibrio.<\/div>\n\n\n\n<h3 class=\"gb-headline gb-headline-f0607910 gb-headline-text gbp-section__headline\">Un regalo para t\u00ed o para quien amas<\/h3>\n\n\n\n<div class=\"gb-headline gb-headline-e1fa6eca gb-headline-text gbp-section__text\">Ded\u00edcate un momento de bienestar o sorprende a alguien especial con una experiencia \u00fanica de relajaci\u00f3n y cuidado personal.<\/div>\n\n<\/div>\n\n<div class=\"gb-container gb-container-1fa9ab31\">\n\n<figure class=\"gb-block-image gb-block-image-18e198f8\"><img loading=\"lazy\" decoding=\"async\" width=\"853\" height=\"1280\" class=\"gb-image gb-image-18e198f8\" src=\"https:\/\/centreterra.cat\/wp-content\/uploads\/2024\/08\/relaxation-8384840_1280.png\" alt=\"\" title=\"relaxation-8384840_1280\" srcset=\"https:\/\/centreterra.cat\/wp-content\/uploads\/2024\/08\/relaxation-8384840_1280.png 853w, https:\/\/centreterra.cat\/wp-content\/uploads\/2024\/08\/relaxation-8384840_1280-200x300.png 200w, https:\/\/centreterra.cat\/wp-content\/uploads\/2024\/08\/relaxation-8384840_1280-682x1024.png 682w, https:\/\/centreterra.cat\/wp-content\/uploads\/2024\/08\/relaxation-8384840_1280-768x1152.png 768w\" sizes=\"auto, (max-width: 853px) 100vw, 853px\" \/><\/figure>\n\n<\/div>\n<\/div>\n<\/div>\n\n<div class=\"gb-container gb-container-52ad2d99 scroll-animation gbp-section\">\n<div class=\"gb-container gb-container-6b029c11 gbp-section__inner\">\n<div class=\"gb-container gb-container-6849b52c\">\n\n<h2 class=\"gb-headline gb-headline-e04755a4 gb-headline-text gbp-section__headline\">Para todo lo que la vida pone en tu camino<\/h2>\n\n\n\n<div class=\"gb-headline gb-headline-629377b5 gb-headline-text gbp-section__text\">Masajes y terapias para ayudarte a recuperar su bienestar f\u00edsico y emocional, aportando equilibrio, serenidad y energ\u00eda para afrontar el d\u00eda a d\u00eda.<\/div>\n\n<\/div>\n<\/div>\n\n<div class=\"gb-container gb-container-02a3e7a0 gbp-section__inner\">\n<div class=\"gb-container gb-container-9e8addaa\">\n\n<h3 class=\"gb-headline gb-headline-823ed17e gb-headline-text gbp-section__headline\">Estr\u00e9s y Ansiedad<\/h3>\n\n\n\n<div class=\"gb-headline gb-headline-96d5d6e2 gb-headline-text gbp-section__text\"><strong>Recupera la Calma<\/strong>: Masajes y t\u00e9cnicas relajantes para liberar tensiones y ayudarte a encontrar un estado de tranquilidad y equilibrio interior.<\/div>\n\n\n\n<h3 class=\"gb-headline gb-headline-057543c7 gb-headline-text gbp-section__headline\">Bajo estado de \u00e1nimo<\/h3>\n\n\n\n<div class=\"gb-headline gb-headline-230f6c15 gb-headline-text gbp-section__text\"><strong>Reconecta contigo mismo<\/strong>: Terapias manuales y energ\u00e9ticas para revitalizar cuerpo y mente, ayud\u00e1ndote a sentirte m\u00e1s ligero\/a, positivo\/a y con m\u00e1s vitalidad.<\/div>\n\n\n\n<h3 class=\"gb-headline gb-headline-161d0771 gb-headline-text gbp-section__headline\">Carga F\u00edsica y Mental<\/h3>\n\n\n\n<div class=\"gb-headline gb-headline-a54ee1b1 gb-headline-text gbp-section__text\"><strong>Descansa y Renu\u00e9vate:<\/strong> Tratamientos personalizados para aliviar sobrecargas musculares y reducir la fatiga, recuperando energ\u00eda y bienestar.<\/div>\n\n\n\n<h3 class=\"gb-headline gb-headline-a4e62199 gb-headline-text gbp-section__headline\">Cambios y Transiciones<\/h3>\n\n\n\n<div class=\"gb-headline gb-headline-22e6c3ac gb-headline-text gbp-section__text\"><strong>Acompa\u00f1a Tu Proceso<\/strong>: Masajes para ayudate a afrontar los cambios con serenidad, claridad y fuerza renovada.<\/div>\n\n<\/div>\n\n<div class=\"gb-container gb-container-61b6a483\">\n\n<figure class=\"gb-block-image gb-block-image-8806681b\"><img loading=\"lazy\" decoding=\"async\" width=\"853\" height=\"1280\" class=\"gb-image gb-image-8806681b\" src=\"https:\/\/centreterra.cat\/wp-content\/uploads\/2024\/08\/woman-4131904_1280.jpeg\" alt=\"\" title=\"woman-4131904_1280\" srcset=\"https:\/\/centreterra.cat\/wp-content\/uploads\/2024\/08\/woman-4131904_1280.jpeg 853w, https:\/\/centreterra.cat\/wp-content\/uploads\/2024\/08\/woman-4131904_1280-200x300.jpeg 200w, https:\/\/centreterra.cat\/wp-content\/uploads\/2024\/08\/woman-4131904_1280-682x1024.jpeg 682w, https:\/\/centreterra.cat\/wp-content\/uploads\/2024\/08\/woman-4131904_1280-768x1152.jpeg 768w\" sizes=\"auto, (max-width: 853px) 100vw, 853px\" \/><\/figure>\n\n<\/div>\n<\/div>\n<\/div>\n\n<div class=\"gb-container gb-container-be93acc1 scroll-animation gbp-section\">\n<div class=\"gb-container gb-container-2624d722 gbp-section__inner\">\n<div class=\"gb-container gb-container-64f92897\">\n\n<div class=\"gb-headline gb-headline-04427cf4 gb-headline-text\"><strong><em>\u00abUn lugar donde realmente te cuidan\u00bb<\/em><\/strong><\/div>\n\n\n\n<div class=\"gb-headline gb-headline-00cb4b20 gb-headline-text gbp-section__text\"><em>\u00abDesde el primer momento que entr\u00e9 en Centre Terra, sent\u00ed una sensaci\u00f3n de paz y bienestar. Sufr\u00eda de estr\u00e9s y tensiones musculares constantes, pero despu\u00e9s de una sesi\u00f3n de quiromasaje, me sent\u00ed renovada. Las manos expertas del equipo y el ambiente relajante hacen que cada visita sea una experiencia \u00fanica. Ahora, es mi refugio para desconectar y cuidarme\u00bb.<\/em><\/div>\n\n\n<div class=\"gb-container gb-container-c6d1b18f\">\n\n<figure class=\"gb-block-image gb-block-image-10c71450\"><img loading=\"lazy\" decoding=\"async\" width=\"150\" height=\"150\" class=\"gb-image gb-image-10c71450\" src=\"https:\/\/gpsites.co\/harmony\/wp-content\/uploads\/sites\/145\/2024\/07\/testimonial-avatar-150x150.jpeg\" alt=\"\" title=\"testimonial-avatar\" srcset=\"https:\/\/centreterra.cat\/wp-content\/uploads\/2024\/07\/testimonial-avatar-150x150.jpeg 150w, https:\/\/centreterra.cat\/wp-content\/uploads\/2024\/07\/testimonial-avatar-300x300.jpeg 300w, https:\/\/centreterra.cat\/wp-content\/uploads\/2024\/07\/testimonial-avatar-768x768.jpeg 768w, https:\/\/centreterra.cat\/wp-content\/uploads\/2024\/07\/testimonial-avatar.jpeg 1024w\" sizes=\"auto, (max-width: 150px) 100vw, 150px\" \/><\/figure>\n\n\n<div class=\"gb-container gb-container-1dc28f67\">\n\n<div class=\"gb-headline gb-headline-337afadf gb-headline-text\">Marta Soler<\/div>\n\n<\/div>\n<\/div>\n<\/div>\n<\/div>\n<\/div>","protected":false},"excerpt":{"rendered":"<p>Bienestar Transformador para Ti Cada experiencia est\u00e1 dise\u00f1ada para favorecer la relajaci\u00f3n, recuperaci\u00f3n y armon\u00eda de tu interior. Tu Bienestar, Nuestra Prioridad En Terra, Centro de Bienestar Personal, ofrecemos un espacio dedicado al cuidado y equilibrio del cuerpo y la mente. Nuestros servicios de masajes y terapias hol\u00edsticas est\u00e1n dise\u00f1ados para aliviar tensiones, reducir el &#8230; <a title=\"Servicios\" class=\"read-more\" href=\"https:\/\/centreterra.cat\/es\/servicios\/\" aria-label=\"Leer m\u00e1s sobre Servicios\">Leer m\u00e1s<\/a><\/p>\n","protected":false},"author":1,"featured_media":0,"parent":0,"menu_order":0,"comment_status":"closed","ping_status":"closed","template":"","meta":{"footnotes":""},"class_list":["post-893","page","type-page","status-publish"],"_links":{"self":[{"href":"https:\/\/centreterra.cat\/es\/wp-json\/wp\/v2\/pages\/893","targetHints":{"allow":["GET"]}}],"collection":[{"href":"https:\/\/centreterra.cat\/es\/wp-json\/wp\/v2\/pages"}],"about":[{"href":"https:\/\/centreterra.cat\/es\/wp-json\/wp\/v2\/types\/page"}],"author":[{"embeddable":true,"href":"https:\/\/centreterra.cat\/es\/wp-json\/wp\/v2\/users\/1"}],"replies":[{"embeddable":true,"href":"https:\/\/centreterra.cat\/es\/wp-json\/wp\/v2\/comments?post=893"}],"version-history":[{"count":0,"href":"https:\/\/centreterra.cat\/es\/wp-json\/wp\/v2\/pages\/893\/revisions"}],"wp:attachment":[{"href":"https:\/\/centreterra.cat\/es\/wp-json\/wp\/v2\/media?parent=893"}],"curies":[{"name":"wp","href":"https:\/\/api.w.org\/{rel}","templated":true}]}}