{"id":894,"date":"2025-02-03T18:49:02","date_gmt":"2025-02-03T17:49:02","guid":{"rendered":"https:\/\/centreterra.cat\/contacto\/"},"modified":"2025-02-03T18:49:02","modified_gmt":"2025-02-03T17:49:02","slug":"contacto","status":"publish","type":"page","link":"https:\/\/centreterra.cat\/es\/contacto\/","title":{"rendered":"Contacto"},"content":{"rendered":"<div class=\"gb-container gb-container-71962336 gbp-section\">\n<div class=\"gb-container gb-container-29a801bf\">\n<div class=\"gb-container gb-container-232ab269\">\n\n<h1 class=\"gb-headline gb-headline-cc3cd343 gb-headline-text gbp-section__headline\">Contacta con nosotros<\/h1>\n\n\n\n<div class=\"gb-headline gb-headline-51e1f11b gb-headline-text gbp-section__text\">Llama, ven a vernos, escr\u00edbenos en el formulario o contacta a trav\u00e9s de whatsapp o instagram. Ser\u00e1 un placer hablar contigo. <\/div>\n\n\n<div class=\"gb-container gb-container-c1f055f1\">\n\n<a class=\"gb-button gb-button-aab2a833\" href=\"https:\/\/www.instagram.com\/terra.cardedeu\/\"><span class=\"gb-icon\"><svg aria-hidden=\"true\" role=\"img\" height=\"1em\" width=\"1em\" viewbox=\"0 0 448 512\" xmlns=\"http:\/\/www.w3.org\/2000\/svg\"><path fill=\"currentColor\" d=\"M224.1 141c-63.6 0-114.9 51.3-114.9 114.9s51.3 114.9 114.9 114.9S339 319.5 339 255.9 287.7 141 224.1 141zm0 189.6c-41.1 0-74.7-33.5-74.7-74.7s33.5-74.7 74.7-74.7 74.7 33.5 74.7 74.7-33.6 74.7-74.7 74.7zm146.4-194.3c0 14.9-12 26.8-26.8 26.8-14.9 0-26.8-12-26.8-26.8s12-26.8 26.8-26.8 26.8 12 26.8 26.8zm76.1 27.2c-1.7-35.9-9.9-67.7-36.2-93.9-26.2-26.2-58-34.4-93.9-36.2-37-2.1-147.9-2.1-184.9 0-35.8 1.7-67.6 9.9-93.9 36.1s-34.4 58-36.2 93.9c-2.1 37-2.1 147.9 0 184.9 1.7 35.9 9.9 67.7 36.2 93.9s58 34.4 93.9 36.2c37 2.1 147.9 2.1 184.9 0 35.9-1.7 67.7-9.9 93.9-36.2 26.2-26.2 34.4-58 36.2-93.9 2.1-37 2.1-147.8 0-184.8zM398.8 388c-7.8 19.6-22.9 34.7-42.6 42.6-29.5 11.7-99.5 9-132.1 9s-102.7 2.6-132.1-9c-19.6-7.8-34.7-22.9-42.6-42.6-11.7-29.5-9-99.5-9-132.1s-2.6-102.7 9-132.1c7.8-19.6 22.9-34.7 42.6-42.6 29.5-11.7 99.5-9 132.1-9s102.7-2.6 132.1 9c19.6 7.8 34.7 22.9 42.6 42.6 11.7 29.5 9 99.5 9 132.1s2.7 102.7-9 132.1z\"><\/path><\/svg><\/span><\/a>\n\n\n\n<a class=\"gb-button gb-button-63ccca58\" href=\"https:\/\/wa.me\/34640601778\"><span class=\"gb-icon\"><svg aria-hidden=\"true\" role=\"img\" height=\"1em\" width=\"1em\" viewbox=\"0 0 448 512\" xmlns=\"http:\/\/www.w3.org\/2000\/svg\"><path fill=\"currentColor\" d=\"M380.9 97.1C339 55.1 283.2 32 223.9 32c-122.4 0-222 99.6-222 222 0 39.1 10.2 77.3 29.6 111L0 480l117.7-30.9c32.4 17.7 68.9 27 106.1 27h.1c122.3 0 224.1-99.6 224.1-222 0-59.3-25.2-115-67.1-157zm-157 341.6c-33.2 0-65.7-8.9-94-25.7l-6.7-4-69.8 18.3L72 359.2l-4.4-7c-18.5-29.4-28.2-63.3-28.2-98.2 0-101.7 82.8-184.5 184.6-184.5 49.3 0 95.6 19.2 130.4 54.1 34.8 34.9 56.2 81.2 56.1 130.5 0 101.8-84.9 184.6-186.6 184.6zm101.2-138.2c-5.5-2.8-32.8-16.2-37.9-18-5.1-1.9-8.8-2.8-12.5 2.8-3.7 5.6-14.3 18-17.6 21.8-3.2 3.7-6.5 4.2-12 1.4-32.6-16.3-54-29.1-75.5-66-5.7-9.8 5.7-9.1 16.3-30.3 1.8-3.7.9-6.9-.5-9.7-1.4-2.8-12.5-30.1-17.1-41.2-4.5-10.8-9.1-9.3-12.5-9.5-3.2-.2-6.9-.2-10.6-.2-3.7 0-9.7 1.4-14.8 6.9-5.1 5.6-19.4 19-19.4 46.3 0 27.3 19.9 53.7 22.6 57.4 2.8 3.7 39.1 59.7 94.8 83.8 35.2 15.2 49 16.5 66.6 13.9 10.7-1.6 32.8-13.4 37.4-26.4 4.6-13 4.6-24.1 3.2-26.4-1.3-2.5-5-3.9-10.5-6.6z\"><\/path><\/svg><\/span><\/a>\n\n<\/div>\n<\/div>\n<\/div>\n\n<div class=\"gb-container gb-container-fd1e6daa hero-image-fit\">\n\n<figure class=\"gb-block-image gb-block-image-827e29e6\"><img loading=\"lazy\" decoding=\"async\" width=\"600\" height=\"399\" class=\"gb-image gb-image-827e29e6\" src=\"https:\/\/centreterra.cat\/wp-content\/uploads\/2025\/02\/pexels-anastasiya-pavlova-17630119-11961134-600px.webp\" alt=\"\" title=\"pexels-anastasiya-pavlova-17630119-11961134-600px\" srcset=\"https:\/\/centreterra.cat\/wp-content\/uploads\/2025\/02\/pexels-anastasiya-pavlova-17630119-11961134-600px.webp 600w, https:\/\/centreterra.cat\/wp-content\/uploads\/2025\/02\/pexels-anastasiya-pavlova-17630119-11961134-600px-300x200.webp 300w\" sizes=\"auto, (max-width: 600px) 100vw, 600px\" \/><\/figure>\n\n<\/div>\n<\/div>\n\n<div class=\"gb-container gb-container-9be92881 gbp-section\">\n<div class=\"gb-container gb-container-6de8fc21 gbp-section__inner\">\n<div class=\"gb-container gb-container-26bb36cf\">\n\n<figure class=\"gb-block-image gb-block-image-b623b9da\"><img loading=\"lazy\" decoding=\"async\" width=\"600\" height=\"256\" class=\"gb-image gb-image-b623b9da\" src=\"https:\/\/centreterra.cat\/wp-content\/uploads\/2024\/11\/cropped-centreterra_600x300.png\" alt=\"\" title=\"cropped-centreterra_600x300.png\" srcset=\"https:\/\/centreterra.cat\/wp-content\/uploads\/2024\/11\/cropped-centreterra_600x300.png 600w, https:\/\/centreterra.cat\/wp-content\/uploads\/2024\/11\/cropped-centreterra_600x300-300x128.png 300w\" sizes=\"auto, (max-width: 600px) 100vw, 600px\" \/><\/figure>\n\n\n\n<h2 class=\"gb-headline gb-headline-4c880811 gb-headline-text gbp-section__headline\">Centro de Bienestar Personal<\/h2>\n\n\n\n<div class=\"gb-headline gb-headline-ed3ff235 gb-headline-text gbp-section__text\">Av. Rei en Jaume, 251 <br>08440 Cardedeu, Barcelona<br><br>Telf. 93 871 29 96 \/ 64060 17 78<br>Email: <a href=\"mailto:terra.cardedeu@gmail.com\">terra.cardedeu@gmail.com<\/a><\/div>\n\n\n<div class=\"gb-container gb-container-62bdcb90\">\n\n<a class=\"gb-button gb-button-e93b5046\" href=\"https:\/\/www.instagram.com\/terra.cardedeu\/\"><span class=\"gb-icon\"><svg aria-hidden=\"true\" role=\"img\" height=\"1em\" width=\"1em\" viewbox=\"0 0 448 512\" xmlns=\"http:\/\/www.w3.org\/2000\/svg\"><path fill=\"currentColor\" d=\"M224.1 141c-63.6 0-114.9 51.3-114.9 114.9s51.3 114.9 114.9 114.9S339 319.5 339 255.9 287.7 141 224.1 141zm0 189.6c-41.1 0-74.7-33.5-74.7-74.7s33.5-74.7 74.7-74.7 74.7 33.5 74.7 74.7-33.6 74.7-74.7 74.7zm146.4-194.3c0 14.9-12 26.8-26.8 26.8-14.9 0-26.8-12-26.8-26.8s12-26.8 26.8-26.8 26.8 12 26.8 26.8zm76.1 27.2c-1.7-35.9-9.9-67.7-36.2-93.9-26.2-26.2-58-34.4-93.9-36.2-37-2.1-147.9-2.1-184.9 0-35.8 1.7-67.6 9.9-93.9 36.1s-34.4 58-36.2 93.9c-2.1 37-2.1 147.9 0 184.9 1.7 35.9 9.9 67.7 36.2 93.9s58 34.4 93.9 36.2c37 2.1 147.9 2.1 184.9 0 35.9-1.7 67.7-9.9 93.9-36.2 26.2-26.2 34.4-58 36.2-93.9 2.1-37 2.1-147.8 0-184.8zM398.8 388c-7.8 19.6-22.9 34.7-42.6 42.6-29.5 11.7-99.5 9-132.1 9s-102.7 2.6-132.1-9c-19.6-7.8-34.7-22.9-42.6-42.6-11.7-29.5-9-99.5-9-132.1s-2.6-102.7 9-132.1c7.8-19.6 22.9-34.7 42.6-42.6 29.5-11.7 99.5-9 132.1-9s102.7-2.6 132.1 9c19.6 7.8 34.7 22.9 42.6 42.6 11.7 29.5 9 99.5 9 132.1s2.7 102.7-9 132.1z\"><\/path><\/svg><\/span><\/a>\n\n\n\n<a class=\"gb-button gb-button-6e311659\" href=\"https:\/\/wa.me\/34640601778\"><span class=\"gb-icon\"><svg aria-hidden=\"true\" role=\"img\" height=\"1em\" width=\"1em\" viewbox=\"0 0 448 512\" xmlns=\"http:\/\/www.w3.org\/2000\/svg\"><path fill=\"currentColor\" d=\"M380.9 97.1C339 55.1 283.2 32 223.9 32c-122.4 0-222 99.6-222 222 0 39.1 10.2 77.3 29.6 111L0 480l117.7-30.9c32.4 17.7 68.9 27 106.1 27h.1c122.3 0 224.1-99.6 224.1-222 0-59.3-25.2-115-67.1-157zm-157 341.6c-33.2 0-65.7-8.9-94-25.7l-6.7-4-69.8 18.3L72 359.2l-4.4-7c-18.5-29.4-28.2-63.3-28.2-98.2 0-101.7 82.8-184.5 184.6-184.5 49.3 0 95.6 19.2 130.4 54.1 34.8 34.9 56.2 81.2 56.1 130.5 0 101.8-84.9 184.6-186.6 184.6zm101.2-138.2c-5.5-2.8-32.8-16.2-37.9-18-5.1-1.9-8.8-2.8-12.5 2.8-3.7 5.6-14.3 18-17.6 21.8-3.2 3.7-6.5 4.2-12 1.4-32.6-16.3-54-29.1-75.5-66-5.7-9.8 5.7-9.1 16.3-30.3 1.8-3.7.9-6.9-.5-9.7-1.4-2.8-12.5-30.1-17.1-41.2-4.5-10.8-9.1-9.3-12.5-9.5-3.2-.2-6.9-.2-10.6-.2-3.7 0-9.7 1.4-14.8 6.9-5.1 5.6-19.4 19-19.4 46.3 0 27.3 19.9 53.7 22.6 57.4 2.8 3.7 39.1 59.7 94.8 83.8 35.2 15.2 49 16.5 66.6 13.9 10.7-1.6 32.8-13.4 37.4-26.4 4.6-13 4.6-24.1 3.2-26.4-1.3-2.5-5-3.9-10.5-6.6z\"><\/path><\/svg><\/span><\/a>\n\n<\/div>\n<\/div>\n\n<div class=\"gb-container gb-container-73b86311\">\n<div class=\"wpforms-container wpforms-container-full wpforms-block wpforms-block-a2a09044-0459-42de-83e6-0d477ec08ad2 wpforms-render-modern\" id=\"wpforms-661\"><form id=\"wpforms-form-661\" class=\"wpforms-validate wpforms-form wpforms-ajax-form\" data-formid=\"661\" method=\"post\" enctype=\"multipart\/form-data\" action=\"\/es\/wp-json\/wp\/v2\/pages\/894\" data-token=\"993ed4826c9ff503e672b9af9e90367c\" data-token-time=\"1776607794\"><noscript class=\"wpforms-error-noscript\">Por favor, activa JavaScript en tu navegador para completar este formulario.<\/noscript><div id=\"wpforms-error-noscript\" style=\"display: none;\">Por favor, activa JavaScript en tu navegador para completar este formulario.<\/div><div class=\"wpforms-field-container\"><div id=\"wpforms-661-field_1-container\" class=\"wpforms-field wpforms-field-name\" data-field-id=\"1\"><fieldset><legend class=\"wpforms-field-label\">Nom <span class=\"wpforms-required-label\" aria-hidden=\"true\">*<\/span><\/legend><div class=\"wpforms-field-row wpforms-field-medium\"><div class=\"wpforms-field-row-block wpforms-first wpforms-one-half\"><input type=\"text\" id=\"wpforms-661-field_1\" class=\"wpforms-field-name-first wpforms-field-required\" name=\"wpforms[fields][1][first]\" aria-errormessage=\"wpforms-661-field_1-error\" required><label for=\"wpforms-661-field_1\" class=\"wpforms-field-sublabel after\">Nombre<\/label><\/div><div class=\"wpforms-field-row-block wpforms-one-half\"><input type=\"text\" id=\"wpforms-661-field_1-last\" class=\"wpforms-field-name-last wpforms-field-required\" name=\"wpforms[fields][1][last]\" aria-errormessage=\"wpforms-661-field_1-last-error\" required><label for=\"wpforms-661-field_1-last\" class=\"wpforms-field-sublabel after\">Apellidos<\/label><\/div><\/div><\/fieldset><\/div><div id=\"wpforms-661-field_2-container\" class=\"wpforms-field wpforms-field-email\" data-field-id=\"2\"><label class=\"wpforms-field-label\" for=\"wpforms-661-field_2\">Correu Electr\u00f2nic <span class=\"wpforms-required-label\" aria-hidden=\"true\">*<\/span><\/label><input type=\"email\" id=\"wpforms-661-field_2\" class=\"wpforms-field-medium wpforms-field-required\" name=\"wpforms[fields][2]\" spellcheck=\"false\" aria-errormessage=\"wpforms-661-field_2-error\" required><\/div><div id=\"wpforms-661-field_4-container\" class=\"wpforms-field wpforms-field-number\" data-field-id=\"4\"><label class=\"wpforms-field-label\" for=\"wpforms-661-field_4\">Tel\u00e8fon<\/label><input type=\"number\" id=\"wpforms-661-field_4\" class=\"wpforms-field-medium\" name=\"wpforms[fields][4]\" step=\"any\" aria-errormessage=\"wpforms-661-field_4-error\" ><\/div>\t\t<div id=\"wpforms-661-field_5-container\"\n\t\t\tclass=\"wpforms-field wpforms-field-text\"\n\t\t\tdata-field-type=\"text\"\n\t\t\tdata-field-id=\"5\"\n\t\t\t>\n\t\t\t<label class=\"wpforms-field-label\" for=\"wpforms-661-field_5\" >Correu o Tel\u00e8fon<\/label>\n\t\t\t<input type=\"text\" id=\"wpforms-661-field_5\" class=\"wpforms-field-medium\" name=\"wpforms[fields][5]\" >\n\t\t<\/div>\n\t\t<div id=\"wpforms-661-field_3-container\" class=\"wpforms-field wpforms-field-textarea\" data-field-id=\"3\"><label class=\"wpforms-field-label\" for=\"wpforms-661-field_3\">Comentari o missatge<\/label><textarea id=\"wpforms-661-field_3\" class=\"wpforms-field-medium\" name=\"wpforms[fields][3]\" aria-errormessage=\"wpforms-661-field_3-error\" ><\/textarea><\/div><script>\n\t\t\t\t( function() {\n\t\t\t\t\tconst style = document.createElement( 'style' );\n\t\t\t\t\tstyle.appendChild( document.createTextNode( '#wpforms-661-field_5-container { position: absolute !important; overflow: hidden !important; display: inline !important; height: 1px !important; width: 1px !important; z-index: -1000 !important; padding: 0 !important; } #wpforms-661-field_5-container input { visibility: hidden; } #wpforms-conversational-form-page #wpforms-661-field_5-container label { counter-increment: none; }' ) );\n\t\t\t\t\tdocument.head.appendChild( style );\n\t\t\t\t\tdocument.currentScript?.remove();\n\t\t\t\t} )();\n\t\t\t<\/script><\/div><!-- .wpforms-field-container --><div class=\"wpforms-recaptcha-container wpforms-is-hcaptcha\" ><div class=\"h-captcha\" data-sitekey=\"2a7a904a-562c-40e0-8fe6-8a6a578a2c4e\"><\/div><input type=\"text\" name=\"g-recaptcha-hidden\" class=\"wpforms-recaptcha-hidden\" style=\"position:absolute!important;clip:rect(0,0,0,0)!important;height:1px!important;width:1px!important;border:0!important;overflow:hidden!important;padding:0!important;margin:0!important;\" data-rule-hcaptcha=\"1\"><\/div><div class=\"wpforms-submit-container\" ><input type=\"hidden\" name=\"wpforms[id]\" value=\"661\"><input type=\"hidden\" name=\"page_title\" value=\"\"><input type=\"hidden\" name=\"page_url\" value=\"https:\/\/centreterra.cat\/es\/wp-json\/wp\/v2\/pages\/894\"><input type=\"hidden\" name=\"url_referer\" value=\"\"><button type=\"submit\" name=\"wpforms[submit]\" id=\"wpforms-submit-661\" class=\"wpforms-submit\" data-alt-text=\"Enviant\" data-submit-text=\"Enviar\" aria-live=\"assertive\" value=\"wpforms-submit\">Enviar<\/button><img loading=\"lazy\" decoding=\"async\" src=\"https:\/\/centreterra.cat\/wp-content\/plugins\/wpforms-lite\/assets\/images\/submit-spin.svg\" class=\"wpforms-submit-spinner\" style=\"display: none;\" width=\"26\" height=\"26\" alt=\"Cargando\"><\/div><\/form><\/div>  <!-- .wpforms-container -->\n<\/div>\n<\/div>\n<div class=\"gb-shapes\"><div class=\"gb-shape gb-shape-1\"><svg xmlns=\"http:\/\/www.w3.org\/2000\/svg\" viewBox=\"0 0 1200 194.3\" preserveAspectRatio=\"none\"><path d=\"M1200 133.3l-50 8.9c-50 8.6-150 26.9-250 31.1-100 4.2-200-4.2-300-26.7S400 89.2 300 62.2C200 35.8 100 17.5 50 8.9L0 0v194.3h1200v-61z\"\/><\/svg><\/div><\/div><\/div>\n\n<div class=\"gb-container gb-container-ef4e410a gbp-section__inner\">\n\n<iframe src=\"https:\/\/www.google.com\/maps\/embed?pb=!1m18!1m12!1m3!1d6636.7545913250315!2d2.3559639596768576!3d41.63690584126432!2m3!1f0!2f0!3f0!3m2!1i1024!2i768!4f13.1!3m3!1m2!1s0x12a4c940182e46e3%3A0xdebe43d0e186ea8d!2sTerra%20Centre%20de%20Benestar%20Personal!5e1!3m2!1ses!2ses!4v1738621210385!5m2!1ses!2ses\" width=\"1280\" height=\"300\" style=\"border:0;\" allowfullscreen=\"\" loading=\"lazy\" referrerpolicy=\"no-referrer-when-downgrade\"><\/iframe>\n\n<\/div>","protected":false},"excerpt":{"rendered":"<p>Contacta con nosotros Llama, ven a vernos, escr\u00edbenos en el formulario o contacta a trav\u00e9s de whatsapp o instagram. Ser\u00e1 un placer hablar contigo. Centro de Bienestar Personal Av. Rei en Jaume, 251 08440 Cardedeu, Barcelona Telf. 93 871 29 96 \/ 64060 17 78Email: terra.cardedeu@gmail.com<\/p>\n","protected":false},"author":1,"featured_media":0,"parent":0,"menu_order":0,"comment_status":"closed","ping_status":"closed","template":"","meta":{"footnotes":""},"class_list":["post-894","page","type-page","status-publish"],"_links":{"self":[{"href":"https:\/\/centreterra.cat\/es\/wp-json\/wp\/v2\/pages\/894","targetHints":{"allow":["GET"]}}],"collection":[{"href":"https:\/\/centreterra.cat\/es\/wp-json\/wp\/v2\/pages"}],"about":[{"href":"https:\/\/centreterra.cat\/es\/wp-json\/wp\/v2\/types\/page"}],"author":[{"embeddable":true,"href":"https:\/\/centreterra.cat\/es\/wp-json\/wp\/v2\/users\/1"}],"replies":[{"embeddable":true,"href":"https:\/\/centreterra.cat\/es\/wp-json\/wp\/v2\/comments?post=894"}],"version-history":[{"count":0,"href":"https:\/\/centreterra.cat\/es\/wp-json\/wp\/v2\/pages\/894\/revisions"}],"wp:attachment":[{"href":"https:\/\/centreterra.cat\/es\/wp-json\/wp\/v2\/media?parent=894"}],"curies":[{"name":"wp","href":"https:\/\/api.w.org\/{rel}","templated":true}]}}